{"id":5968,"date":"2022-04-29T02:49:49","date_gmt":"2022-04-29T02:49:49","guid":{"rendered":"http:\/\/ijlmnru.cluster027.hosting.ovh.net\/a-propos-de-nous\/"},"modified":"2025-01-15T09:59:35","modified_gmt":"2025-01-15T09:59:35","slug":"a-propos-de-nous","status":"publish","type":"page","link":"https:\/\/palazzi.net\/fr\/a-propos-de-nous\/","title":{"rendered":"\u00c0 propos de nous"},"content":{"rendered":"\t\t<div data-elementor-type=\"wp-page\" data-elementor-id=\"5968\" data-post-id=\"5968\" data-obj-id=\"5968\" class=\"elementor elementor-5968 dce-elementor-post-5968 elementor-76\" data-elementor-post-type=\"page\">\n\t\t\t\t\t\t<section class=\"elementor-section elementor-top-section elementor-element elementor-element-a5ea5a6 elementor-section-full_width elementor-section-height-default elementor-section-height-default\" data-id=\"a5ea5a6\" data-element_type=\"section\">\n\t\t\t\t\t\t<div class=\"elementor-container elementor-column-gap-no\">\n\t\t\t\t\t<div class=\"elementor-column elementor-col-100 elementor-top-column elementor-element elementor-element-40a22b6\" data-id=\"40a22b6\" data-element_type=\"column\">\n\t\t\t<div class=\"elementor-widget-wrap elementor-element-populated\">\n\t\t\t\t\t\t<div class=\"elementor-element elementor-element-0790f65 elementor-align-left elementor-widget elementor-widget-pages-banner\" data-id=\"0790f65\" data-element_type=\"widget\" data-widget_type=\"pages-banner.default\">\n\t\t\t\t<div class=\"elementor-widget-container\">\n\t\t\t\r\n\t\t\t\t<div class=\"banner-header section-padding valign bg-img bg-fixed\" data-overlay-dark=\"4\" data-background=\"http:\/\/palazzi.net\/wp-content\/uploads\/2024\/01\/SAL2023043_0162.jpg\">\r\n\t\t\t\t\t<div class=\"container\">\r\n\t\t\t\t<div class=\"row\">\r\n\t\t\t\t\t<div class=\"col-md-12 caption mt-90\">\r\n\t\t\t\t\t\t\t\t\t\t\t\t<h5>Palazzi GROUP<\/h5>\r\n\t\t\t\t\t\t\t\t\t\t\t\t\t\t\t\t\t\t<h1>Profil de l'entreprise<\/h1>\r\n\t\t\t\t\t\t\t\t\t\t\t<\/div>\r\n\t\t\t\t<\/div>\r\n\t\t\t<\/div>\r\n\t\t<\/div>\r\n\r\n\t\t\t<\/div>\n\t\t\t\t<\/div>\n\t\t\t\t\t<\/div>\n\t\t<\/div>\n\t\t\t\t\t<\/div>\n\t\t<\/section>\n\t\t\t\t<section class=\"elementor-section elementor-top-section elementor-element elementor-element-c715b52 elementor-section-full_width elementor-section-height-default elementor-section-height-default\" data-id=\"c715b52\" data-element_type=\"section\" data-settings=\"{&quot;background_background&quot;:&quot;classic&quot;}\">\n\t\t\t\t\t\t<div class=\"elementor-container elementor-column-gap-no\">\n\t\t\t\t\t<div class=\"elementor-column elementor-col-100 elementor-top-column elementor-element elementor-element-9b19d32\" data-id=\"9b19d32\" data-element_type=\"column\">\n\t\t\t<div class=\"elementor-widget-wrap elementor-element-populated\">\n\t\t\t\t\t\t<div class=\"elementor-element elementor-element-67e6df0 elementor-align-left elementor-widget elementor-widget-home-about\" data-id=\"67e6df0\" data-element_type=\"widget\" data-widget_type=\"home-about.default\">\n\t\t\t\t<div class=\"elementor-widget-container\">\n\t\t\t\n\t\t<section class=\"about section-padding\">\n\t\t\t<h2 style=\"display: none!important;\">The Cappa<\/h2>\n\t\t\t<div class=\"container\">\n\t\t\t\t<div class=\"row\">\n\t\t\t\t\t<div class=\"col-md-6 mb-30 animate-box\" data-animate-effect=\"fadeInUp\">\n\t\t\t\t\t\t\t\t\t\t\t\t\t\t\t\t\t\t\t\t\t\t\t\t<div class=\"section-title\">La direction de Palazzi Agency by Chab\u00e9<\/div>\n\t\t\t\t\t\t\t\t\t\t\t\t\t\t\t\t\t\tLa direction de Palazzi Agency by Chab\u00e9 est d\u00e9sormais port\u00e9e par un duo strat\u00e9gique compos\u00e9 de Francesco Palazzi et Leslie Moica.\n<br><BR>\nFondateur de Palazzi Group \u00e0 la fin des ann\u00e9es 80, Francesco Palazzi s\u2019appuie sur une riche histoire familiale : d\u00e8s les ann\u00e9es soixante, son p\u00e8re fournissait des services logistiques pour l\u2019industrie du spectacle et les c\u00e9l\u00e9brit\u00e9s. Fort de plus de trente ans d\u2019exp\u00e9rience, Francesco a su d\u00e9velopper l\u2019agence devenue une r\u00e9f\u00e9rence incontournable et expert dans la gestion de services logistiques et de transport avec chauffeur haut de gamme.\n<br><br>\nLeslie Moica, quant \u00e0 elle, apporte une expertise compl\u00e9mentaire forg\u00e9e au sein du groupe Chab\u00e9 qu\u2019elle a rejoint il y a 10 ans. Avant de prendre la direction de Palazzi Agency, Leslie occupait le poste de VP Directrice Commerciale et Marketing, participant activement au d\u00e9veloppement du Groupe. Avec une d\u00e9cennie d\u2019exp\u00e9rience dans l\u2019h\u00f4tellerie de luxe \u00e0 l\u2019international, Leslie poss\u00e8de une compr\u00e9hension fine des attentes des clients haut de gamme.Ensemble, Francesco et Leslie forment une \u00e9quipe dirigeante qui allie vision strat\u00e9gique et excellence op\u00e9rationnelle, pour \u00e9crire un nouveau chapitre dans l\u2019histoire de l\u2019agence.\t\t\t\t\t\t\t\t\t\t\t\t<!-- call -->\n\t\t\t\t\t\t\t\t\t\t\t<\/div>\n\t\t\t\t\t\t\t\t\t\t<div class=\"col col-md-3 animate-box\" data-animate-effect=\"fadeInUp\">\n\t\t\t\t\t\t<img decoding=\"async\" src=\"http:\/\/palazzi.net\/wp-content\/uploads\/2024\/12\/Francesco-Palazzi-et-Leslie-Moica.webp\" alt=\"\" class=\"mt-90 mb-30\">\n\t\t\t\t\t<\/div>\n\t\t\t\t\t\t\t\t\t\t\t\t\t\t<\/div>\n\t\t\t<\/div>\n\t\t<\/section>\n\n\t\t\t<\/div>\n\t\t\t\t<\/div>\n\t\t\t\t\t<\/div>\n\t\t<\/div>\n\t\t\t\t\t<\/div>\n\t\t<\/section>\n\t\t\t\t<section data-dce-background-color=\"#222222\" class=\"elementor-section elementor-top-section elementor-element elementor-element-20505e7 elementor-section-full_width elementor-section-height-default elementor-section-height-default\" data-id=\"20505e7\" data-element_type=\"section\" data-settings=\"{&quot;background_background&quot;:&quot;classic&quot;}\">\n\t\t\t\t\t\t<div class=\"elementor-container elementor-column-gap-no\">\n\t\t\t\t\t<div class=\"elementor-column elementor-col-100 elementor-top-column elementor-element elementor-element-56b55a4\" data-id=\"56b55a4\" data-element_type=\"column\">\n\t\t\t<div class=\"elementor-widget-wrap elementor-element-populated\">\n\t\t\t\t\t\t<div class=\"elementor-element elementor-element-b162850 elementor-align-left elementor-widget elementor-widget-home-about\" data-id=\"b162850\" data-element_type=\"widget\" data-widget_type=\"home-about.default\">\n\t\t\t\t<div class=\"elementor-widget-container\">\n\t\t\t\n\t\t<section class=\"about section-padding\">\n\t\t\t<h2 style=\"display: none!important;\">The Cappa<\/h2>\n\t\t\t<div class=\"container\">\n\t\t\t\t<div class=\"row\">\n\t\t\t\t\t<div class=\"col-md-6 mb-30 animate-box\" data-animate-effect=\"fadeInUp\">\n\t\t\t\t\t\t\t\t\t\t\t\t\t\t\t\t\t\t<div class=\"section-subtitle\">Le Groupe<\/div>\n\t\t\t\t\t\t\t\t\t\t\t\t\t\t\t\t\t\t<div class=\"section-title\">Chab\u00e9<\/div>\n\t\t\t\t\t\t\t\t\t\t\t\t\t\t\t\t\t\tGroupe familial, fond\u00e9 \u00e0 Paris en 1921, Chab\u00e9 est aujourd\u2019hui pr\u00e9sent dans la France enti\u00e8re et \u00e0 l\u2019\u00e9tranger. Son d\u00e9veloppement se poursuit d\u00e9sormais \u00e0 l\u2019international. Expert dans le domaine du transport sur mesure, le Groupe compte \u00e0 ce jour 17 agences. Son savoir-faire historique, aupr\u00e8s des grands palaces, s\u2019est diversifi\u00e9 au cours des trente derni\u00e8res ann\u00e9es. De nombreuses entreprises confient d\u00e9sormais \u00e0 Chab\u00e9 les d\u00e9placements quotidiens de leurs dirigeants. Chab\u00e9 accompagne \u00e9galement un nombre croissant d\u2019institutions publiques, organismes priv\u00e9s et maisons de luxe dans la gestion des d\u00e9placements sur mesure qu\u2019occasionnent leurs diff\u00e9rents \u00e9v\u00e9nements.\n<br><br>\n<a href=\"https:\/\/www.chabe.fr\">www.chabe.fr<\/a>\t\t\t\t\t\t\t\t\t\t\t\t<!-- call -->\n\t\t\t\t\t\t\t\t\t\t\t<\/div>\n\t\t\t\t\t\t\t\t\t\t<div class=\"col col-md-3 animate-box\" data-animate-effect=\"fadeInUp\">\n\t\t\t\t\t\t<img decoding=\"async\" src=\"https:\/\/palazzi.net\/wp-content\/uploads\/2025\/01\/PHOTO-HISTORIQUE-3.jpg\" alt=\"\" class=\"mt-90 mb-30\">\n\t\t\t\t\t<\/div>\n\t\t\t\t\t\t\t\t\t\t\t\t\t\t\t<div class=\"col col-md-3 animate-box\" data-animate-effect=\"fadeInUp\">\n\t\t\t\t\t\t<img decoding=\"async\" src=\"https:\/\/palazzi.net\/wp-content\/uploads\/2025\/01\/FRA_4361-NB.jpg\" alt=\"\">\n\t\t\t\t\t<\/div>\n\t\t\t\t\t\t\t\t\t<\/div>\n\t\t\t<\/div>\n\t\t<\/section>\n\n\t\t\t<\/div>\n\t\t\t\t<\/div>\n\t\t\t\t\t<\/div>\n\t\t<\/div>\n\t\t\t\t\t<\/div>\n\t\t<\/section>\n\t\t\t\t<section class=\"elementor-section elementor-top-section elementor-element elementor-element-6a0f43a elementor-section-full_width elementor-section-height-default elementor-section-height-default\" data-id=\"6a0f43a\" data-element_type=\"section\" data-settings=\"{&quot;background_background&quot;:&quot;classic&quot;}\">\n\t\t\t\t\t\t<div class=\"elementor-container elementor-column-gap-no\">\n\t\t\t\t\t<div class=\"elementor-column elementor-col-100 elementor-top-column elementor-element elementor-element-9918111\" data-id=\"9918111\" data-element_type=\"column\">\n\t\t\t<div class=\"elementor-widget-wrap elementor-element-populated\">\n\t\t\t\t\t\t<div class=\"elementor-element elementor-element-eb8f7a3 elementor-align-left elementor-widget elementor-widget-home-about\" data-id=\"eb8f7a3\" data-element_type=\"widget\" data-widget_type=\"home-about.default\">\n\t\t\t\t<div class=\"elementor-widget-container\">\n\t\t\t\n\t\t<section class=\"about section-padding\">\n\t\t\t<h2 style=\"display: none!important;\">The Cappa<\/h2>\n\t\t\t<div class=\"container\">\n\t\t\t\t<div class=\"row\">\n\t\t\t\t\t<div class=\"col-md-6 mb-30 animate-box\" data-animate-effect=\"fadeInUp\">\n\t\t\t\t\t\t\t\t\t\t\t\t\t\t\t\t\t\t<div class=\"section-subtitle\">Notre Vision<\/div>\n\t\t\t\t\t\t\t\t\t\t\t\t\t\t\t\t\t\t<div class=\"section-title\">We make<br>things happen<\/div>\n\t\t\t\t\t\t\t\t\t\t\t\t\t\t\t\t\t\tNous sommes une entreprise de service DMC &amp; \u00c9v\u00e9nements de luxe avec des bureaux \u00e0 Rome et \u00e0 Milan. Depuis 1989, nous g\u00e9rons des projets complexes avec une \u00e9quipe exp\u00e9riment\u00e9e et \u00e9tablie, nous offrons une planification logistique et un service sur mesure, fiable et discret, partout en Italie et en Europe. Nous op\u00e9rons avec trois divisions: International Limousine, Event Logistics e Travel\nManagement.\n<br><br><br>\t\t\t\t\t\t\t\t\t\t\t\t<!-- call -->\n\t\t\t\t\t\t\t\t\t\t\t\t<div class=\"reservations\">\n\t\t\t\t\t\t\t<div class=\"icon\"><span class=\"flaticon-call\"><\/span><\/div>\n\t\t\t\t\t\t\t<div class=\"text\">\n\t\t\t\t\t\t\t\t<p>Contactez-nous<\/p> <a href=\"tel:+39 (06) 870921\">+39 (06) 870921<\/a>\t\t\t\t\t\t\t<\/div>\n\t\t\t\t\t\t<\/div>\n\t\t\t\t\t\t\t\t\t\t\t<\/div>\n\t\t\t\t\t\t\t\t\t\t<div class=\"col col-md-3 animate-box\" data-animate-effect=\"fadeInUp\">\n\t\t\t\t\t\t<img decoding=\"async\" src=\"http:\/\/palazzi.net\/wp-content\/uploads\/2023\/11\/vertical3-1.png\" alt=\"\" class=\"mt-90 mb-30\">\n\t\t\t\t\t<\/div>\n\t\t\t\t\t\t\t\t\t\t\t\t\t\t\t<div class=\"col col-md-3 animate-box\" data-animate-effect=\"fadeInUp\">\n\t\t\t\t\t\t<img decoding=\"async\" src=\"http:\/\/palazzi.net\/wp-content\/uploads\/2023\/11\/vertical4.png\" alt=\"\">\n\t\t\t\t\t<\/div>\n\t\t\t\t\t\t\t\t\t<\/div>\n\t\t\t<\/div>\n\t\t<\/section>\n\n\t\t\t<\/div>\n\t\t\t\t<\/div>\n\t\t\t\t\t<\/div>\n\t\t<\/div>\n\t\t\t\t\t<\/div>\n\t\t<\/section>\n\t\t\t\t<section class=\"elementor-section elementor-top-section elementor-element elementor-element-e2c593a elementor-section-full_width elementor-section-height-default elementor-section-height-default\" data-id=\"e2c593a\" data-element_type=\"section\">\n\t\t\t\t\t\t<div class=\"elementor-container elementor-column-gap-no\">\n\t\t\t\t\t<div class=\"elementor-column elementor-col-100 elementor-top-column elementor-element elementor-element-f1c465e\" data-id=\"f1c465e\" data-element_type=\"column\">\n\t\t\t<div class=\"elementor-widget-wrap elementor-element-populated\">\n\t\t\t\t\t\t<div class=\"elementor-element elementor-element-91b125f elementor-align-left elementor-widget elementor-widget-home-pricing\" data-id=\"91b125f\" data-element_type=\"widget\" data-widget_type=\"home-pricing.default\">\n\t\t\t\t<div class=\"elementor-widget-container\">\n\t\t\t\r\n\t\t\t\t<section class=\"pricing section-padding bg-black\">\r\n\t\t\t \r\n\t\t\t<h2 style=\"display: none!important;\">The Cappa<\/h2>\r\n\t\t\t<div class=\"container\">\r\n\t\t\t\t<div class=\"row\">\r\n\t\t\t\t\t<div class=\"col-md-4\">\r\n\t\t\t\t\t\t\t\t\t\t\t\t<div class=\"section-subtitle\"><span>Nos<\/span><\/div>\r\n\t\t\t\t\t\t\t\t\t\t\t\t\t\t\t\t\t\t<div class=\"section-title\"><span>Valeurs<\/span><\/div>\r\n\t\t\t\t\t\t\t\t\t\t\t\t\t\t\t\t\t\t\t\t\t\t\t<\/div>\r\n\t\t\t\t\t<div class=\"col-md-8\">\r\n\t\t\t\t\t\t<div class=\"owl-carousel owl-theme\">\r\n\t\t\t\t\t\t\t\t\t\t\t\t\t\t\t<div class=\"pricing-card\">\r\n\t\t\t\t\t\t\t\t\t\t\t\t\t\t\t\t\t\t<div class=\"desc\">\r\n\t\t\t\t\t\t\t\t\t\t\t\t\t\t\t\t\t\t\t\t<div class=\"name\">Am\u00e9lioration continue<\/div>\r\n\t\t\t\t\t\t\t\t\t\t\t\t\t\t\t\t\t\t\t\t\t\t\t\t\t\t\t\t\t\t<div class=\"amount\">\u2014\u00a0<\/div>\r\n\t\t\t\t\t\t\t\t\t\t\t\t\t\t\t\t\t\t\t\t\t\t\t\t\t\t\t\t\t\t<ul class=\"list-unstyled list\">\r\n\t\t\t\t\t\t\t\t\t\t\tNous nous engageons constamment \u00e0 rechercher des solutions toujours plus efficaces et de valeur. Nous avons une structure organisationnelle solide et certifi\u00e9e pour toujours garantir la plus grande satisfaction \u00e0 nos clients.\t\t\t\t\t\t\t\t\t\t<\/ul>\r\n\t\t\t\t\t\t\t\t\t\t\t\t\t\t\t\t\t\t\t<\/div>\r\n\t\t\t\t\t\t\t\t<\/div>\r\n\t\t\t\t\t\t\t\t\t\t\t\t\t\t\t<div class=\"pricing-card\">\r\n\t\t\t\t\t\t\t\t\t\t\t\t\t\t\t\t\t\t<div class=\"desc\">\r\n\t\t\t\t\t\t\t\t\t\t\t\t\t\t\t\t\t\t\t\t<div class=\"name\">Confidentialit\u00e9 &amp; \n<br>Gestion des Clients<\/div>\r\n\t\t\t\t\t\t\t\t\t\t\t\t\t\t\t\t\t\t\t\t\t\t\t\t\t\t\t\t\t\t<div class=\"amount\">\u2014\u00a0<\/div>\r\n\t\t\t\t\t\t\t\t\t\t\t\t\t\t\t\t\t\t\t\t\t\t\t\t\t\t\t\t\t\t<ul class=\"list-unstyled list\">\r\n\t\t\t\t\t\t\t\t\t\t\tNous avons une politique tr\u00e8s stricte sur la confidentialit\u00e9 qui d\u00e9finit notre discipline pour l'enregistrement, la diffusion et la conservation des informations. Nous prot\u00e9geons le droit de chaque client \u00e0 la plus grande confidentialit\u00e9.\t\t\t\t\t\t\t\t\t\t<\/ul>\r\n\t\t\t\t\t\t\t\t\t\t\t\t\t\t\t\t\t\t\t<\/div>\r\n\t\t\t\t\t\t\t\t<\/div>\r\n\t\t\t\t\t\t\t\t\t\t\t\t\t\t\t<div class=\"pricing-card\">\r\n\t\t\t\t\t\t\t\t\t\t\t\t\t\t\t\t\t\t<div class=\"desc\">\r\n\t\t\t\t\t\t\t\t\t\t\t\t\t\t\t\t\t\t\t\t<div class=\"name\">Standards de Qualit\u00e9 Excellents<\/div>\r\n\t\t\t\t\t\t\t\t\t\t\t\t\t\t\t\t\t\t\t\t\t\t\t\t\t\t\t\t\t\t<div class=\"amount\">\u2014\u00a0<\/div>\r\n\t\t\t\t\t\t\t\t\t\t\t\t\t\t\t\t\t\t\t\t\t\t\t\t\t\t\t\t\t\t<ul class=\"list-unstyled list\">\r\n\t\t\t\t\t\t\t\t\t\t\tDepuis plus de cinquante ans, nous nous engageons \u00e0 offrir des solutions qui r\u00e9pondent \u00e0 chaque besoin et attente, avec rapidit\u00e9 et fiabilit\u00e9 absolue. Nous s\u00e9lectionnons du personnel pr\u00e9par\u00e9 et efficace, qui r\u00e9pond aux plus hauts standards professionnels.\t\t\t\t\t\t\t\t\t\t<\/ul>\r\n\t\t\t\t\t\t\t\t\t\t\t\t\t\t\t\t\t\t\t<\/div>\r\n\t\t\t\t\t\t\t\t<\/div>\r\n\t\t\t\t\t\t\t\t\t\t\t\t\t<\/div>\r\n\t\t\t\t\t<\/div>\r\n\t\t\t\t<\/div>\r\n\t\t\t<\/div>\r\n\t\t<\/section>\r\n\t\t\t<\/div>\n\t\t\t\t<\/div>\n\t\t\t\t\t<\/div>\n\t\t<\/div>\n\t\t\t\t\t<\/div>\n\t\t<\/section>\n\t\t\t\t<section class=\"elementor-section elementor-top-section elementor-element elementor-element-503a321 elementor-section-full_width elementor-section-height-default elementor-section-height-default\" data-id=\"503a321\" data-element_type=\"section\" data-settings=\"{&quot;background_background&quot;:&quot;classic&quot;}\">\n\t\t\t\t\t\t<div class=\"elementor-container elementor-column-gap-no\">\n\t\t\t\t\t<div class=\"elementor-column elementor-col-100 elementor-top-column elementor-element elementor-element-984a62d\" data-id=\"984a62d\" data-element_type=\"column\">\n\t\t\t<div class=\"elementor-widget-wrap elementor-element-populated\">\n\t\t\t\t\t\t<div class=\"elementor-element elementor-element-98ee1f4 elementor-align-left elementor-widget elementor-widget-home-about\" data-id=\"98ee1f4\" data-element_type=\"widget\" data-widget_type=\"home-about.default\">\n\t\t\t\t<div class=\"elementor-widget-container\">\n\t\t\t\n\t\t<section class=\"about section-padding\">\n\t\t\t<h2 style=\"display: none!important;\">The Cappa<\/h2>\n\t\t\t<div class=\"container\">\n\t\t\t\t<div class=\"row\">\n\t\t\t\t\t<div class=\"col-md-6 mb-30 animate-box\" data-animate-effect=\"fadeInUp\">\n\t\t\t\t\t\t\t\t\t\t\t\t\t\t\t\t\t\t<div class=\"section-subtitle\"><img decoding=\"async\" class=\"icon\" src=\"http:\/\/palazzi.net\/wp-content\/uploads\/2023\/10\/eco-general.svg\" width=\"45\" height=\"45\"><\/div>\n\t\t\t\t\t\t\t\t\t\t\t\t\t\t\t\t\t\t<div class=\"section-title\">RSE<\/div>\n\t\t\t\t\t\t\t\t\t\t\t\t\t\t\t\t\t\tChez Palazzi Agency by Chab\u00e9, nous imaginons un futur o\u00f9 le luxe et l'environnement peuvent voyager ensemble. Notre flotte a opt\u00e9 pour la compensation des \u00e9missions de CO2 et pr\u00e9voit une augmentation constante de la part de v\u00e9hicules \u00e9lectriques. Nous croyons fermement que chaque pas doit nous conduire vers un demain plus propre et durable\t\t\t\t\t\t\t\t\t\t\t\t<!-- call -->\n\t\t\t\t\t\t\t\t\t\t\t<\/div>\n\t\t\t\t\t\t\t\t\t\t<div class=\"col col-md-3 animate-box\" data-animate-effect=\"fadeInUp\">\n\t\t\t\t\t\t<img decoding=\"async\" src=\"http:\/\/palazzi.net\/wp-content\/uploads\/2023\/10\/nick-george-cCb5SMpxusA-unsplash-scaled.jpg\" alt=\"\" class=\"mt-90 mb-30\">\n\t\t\t\t\t<\/div>\n\t\t\t\t\t\t\t\t\t\t\t\t\t\t\t<div class=\"col col-md-3 animate-box\" data-animate-effect=\"fadeInUp\">\n\t\t\t\t\t\t<img decoding=\"async\" src=\"http:\/\/palazzi.net\/wp-content\/uploads\/2023\/10\/kristaps-dokans-gI67EMO0i5w-unsplash-scaled.jpg\" alt=\"\">\n\t\t\t\t\t<\/div>\n\t\t\t\t\t\t\t\t\t<\/div>\n\t\t\t<\/div>\n\t\t<\/section>\n\n\t\t\t<\/div>\n\t\t\t\t<\/div>\n\t\t\t\t\t<\/div>\n\t\t<\/div>\n\t\t\t\t\t<\/div>\n\t\t<\/section>\n\t\t\t\t<section class=\"elementor-section elementor-top-section elementor-element elementor-element-3f7e203 elementor-section-boxed elementor-section-height-default elementor-section-height-default\" data-id=\"3f7e203\" data-element_type=\"section\" data-settings=\"{&quot;background_background&quot;:&quot;classic&quot;}\">\n\t\t\t\t\t\t<div class=\"elementor-container elementor-column-gap-no\">\n\t\t\t\t\t<div class=\"elementor-column elementor-col-100 elementor-top-column elementor-element elementor-element-808b1ab\" data-id=\"808b1ab\" data-element_type=\"column\">\n\t\t\t<div class=\"elementor-widget-wrap elementor-element-populated\">\n\t\t\t\t\t\t<div class=\"elementor-element elementor-element-910f7ed elementor-align-left elementor-widget elementor-widget-home-services\" data-id=\"910f7ed\" data-element_type=\"widget\" data-widget_type=\"home-services.default\">\n\t\t\t\t<div class=\"elementor-widget-container\">\n\t\t\t\r\n\t\t<section class=\"facilties section-padding\">\r\n\t\t\t<div class=\"container\">\r\n\t\t\t\t<div class=\"row\">\r\n\t\t\t\t\t<div class=\"col-md-12\">\r\n\t\t\t\t\t\t\t\t\t\t\t\t\t\t\t\t\t<\/div>\r\n\t\t\t\t<\/div>\r\n\t\t\t\t<div class=\"row\">\r\n\t\t\t\t\t\t\t\t\t\t\t<div class=\"col-md-4\">\r\n\t\t\t\t\t\t\t<div class=\"single-facility animate-box\" data-animate-effect=\"fadeInUp\">\r\n\t\t\t\t\t\t\t\t\t\t\t\t\t\t\t\t\t<span class=\"flaticon-ecocar\"><\/span>\r\n\t\t\t\t\t\t\t\t\t\t\t\t\t\t\t\t\t\t\t\t\t\t\t\t\t<h5>Nous guidons le changement, un mile \u00e0 la fois.  \n<\/h5>\r\n\t\t\t\t\t\t\t\t\t\t\t\t\t\t\t\t\t\t\t\t\t\t\t\t\t<p>Une part croissante de notre parc automobile est compos\u00e9e de v\u00e9hicules \u00e9lectriques de luxe. Des automobiles capables d'une autonomie de plus de 300 miles r\u00e9els avec une seule charge.<\/p>\r\n\t\t\t\t\t\t\t\t\t\t\t\t\t\t\t\t\t\t\t\t\t\t\t\t\t<div class=\"facility-shape\">\r\n\t\t\t\t\t\t\t\t\t\t<span class=\"flaticon-ecocar\"><\/span> \r\n\t\t\t\t\t\t\t\t\t<\/div>\r\n\t\t\t\t\t\t\t\t\t\t\t\t\t\t\t<\/div>\r\n\t\t\t\t\t\t<\/div>\r\n\t\t\t\t\t\t\t\t\t\t\t<div class=\"col-md-4\">\r\n\t\t\t\t\t\t\t<div class=\"single-facility animate-box\" data-animate-effect=\"fadeInUp\">\r\n\t\t\t\t\t\t\t\t\t\t\t\t\t\t\t\t\t<span class=\"flaticon-ecocarbon\"><\/span>\r\n\t\t\t\t\t\t\t\t\t\t\t\t\t\t\t\t\t\t\t\t\t\t\t\t\t<h5>Transparence des \u00e9missions de carbone<\/h5>\r\n\t\t\t\t\t\t\t\t\t\t\t\t\t\t\t\t\t\t\t\t\t\t\t\t\t<p>Sur demande, nous rendons disponible un rapport complet relatif aux \u00e9missions de nos automobiles.\n<\/p>\r\n\t\t\t\t\t\t\t\t\t\t\t\t\t\t\t\t\t\t\t\t\t\t\t\t\t<div class=\"facility-shape\">\r\n\t\t\t\t\t\t\t\t\t\t<span class=\"flaticon-ecocarbon\"><\/span> \r\n\t\t\t\t\t\t\t\t\t<\/div>\r\n\t\t\t\t\t\t\t\t\t\t\t\t\t\t\t<\/div>\r\n\t\t\t\t\t\t<\/div>\r\n\t\t\t\t\t\t\t\t\t\t\t<div class=\"col-md-4\">\r\n\t\t\t\t\t\t\t<div class=\"single-facility animate-box\" data-animate-effect=\"fadeInUp\">\r\n\t\t\t\t\t\t\t\t\t\t\t\t\t\t\t\t\t<span class=\"flaticon-ecotrees\"><\/span>\r\n\t\t\t\t\t\t\t\t\t\t\t\t\t\t\t\t\t\t\t\t\t\t\t\t\t<h5>Planter les graines du changement<\/h5>\r\n\t\t\t\t\t\t\t\t\t\t\t\t\t\t\t\t\t\t\t\t\t\t\t\t\t<p>Notre engagement pour l'environnement ne s'arr\u00eate jamais. Gr\u00e2ce \u00e0 la collaboration avec Arbolia\u2122, nous contribuons \u00e0 la r\u00e9alisation de nouvelles ceintures vertes, n\u00e9cessaires pour absorber le CO2.<\/p>\r\n\t\t\t\t\t\t\t\t\t\t\t\t\t\t\t\t\t\t\t\t\t\t\t\t\t<div class=\"facility-shape\">\r\n\t\t\t\t\t\t\t\t\t\t<span class=\"flaticon-ecotrees\"><\/span> \r\n\t\t\t\t\t\t\t\t\t<\/div>\r\n\t\t\t\t\t\t\t\t\t\t\t\t\t\t\t<\/div>\r\n\t\t\t\t\t\t<\/div>\r\n\t\t\t\t\t\t\t\t\t<\/div>\r\n\t\t\t<\/div>\r\n\t\t<\/section>\r\n\r\n\t\t\t<\/div>\n\t\t\t\t<\/div>\n\t\t\t\t\t<\/div>\n\t\t<\/div>\n\t\t\t\t\t<\/div>\n\t\t<\/section>\n\t\t\t\t<section class=\"elementor-section elementor-top-section elementor-element elementor-element-6585d7b elementor-section-boxed elementor-section-height-default elementor-section-height-default\" data-id=\"6585d7b\" data-element_type=\"section\" data-settings=\"{&quot;background_background&quot;:&quot;classic&quot;}\">\n\t\t\t\t\t\t<div class=\"elementor-container elementor-column-gap-no\">\n\t\t\t\t\t<div class=\"elementor-column elementor-col-100 elementor-top-column elementor-element elementor-element-6d57d6f\" data-id=\"6d57d6f\" data-element_type=\"column\">\n\t\t\t<div class=\"elementor-widget-wrap elementor-element-populated\">\n\t\t\t\t\t\t<div class=\"elementor-element elementor-element-3d2e97a elementor-widget elementor-widget-image\" data-id=\"3d2e97a\" data-element_type=\"widget\" data-widget_type=\"image.default\">\n\t\t\t\t<div class=\"elementor-widget-container\">\n\t\t\t\t\t\t\t\t\t\t\t\t\t<img fetchpriority=\"high\" decoding=\"async\" width=\"2048\" height=\"1536\" src=\"https:\/\/palazzi.net\/wp-content\/uploads\/2023\/10\/SAL2023043_0005.jpg\" class=\"attachment-full size-full wp-image-3781\" alt=\"\" srcset=\"https:\/\/palazzi.net\/wp-content\/uploads\/2023\/10\/SAL2023043_0005.jpg 2048w, https:\/\/palazzi.net\/wp-content\/uploads\/2023\/10\/SAL2023043_0005-300x225.jpg 300w, https:\/\/palazzi.net\/wp-content\/uploads\/2023\/10\/SAL2023043_0005-1024x768.jpg 1024w, https:\/\/palazzi.net\/wp-content\/uploads\/2023\/10\/SAL2023043_0005-768x576.jpg 768w, https:\/\/palazzi.net\/wp-content\/uploads\/2023\/10\/SAL2023043_0005-1536x1152.jpg 1536w\" sizes=\"(max-width: 2048px) 100vw, 2048px\" \/>\t\t\t\t\t\t\t\t\t\t\t\t\t<\/div>\n\t\t\t\t<\/div>\n\t\t\t\t\t<\/div>\n\t\t<\/div>\n\t\t\t\t\t<\/div>\n\t\t<\/section>\n\t\t\t\t<\/div>\n\t\t","protected":false},"excerpt":{"rendered":"<p>Palazzi GROUP Profil de l&rsquo;entreprise The Cappa La direction de Palazzi Agency by Chab\u00e9 La direction de Palazzi Agency by Chab\u00e9 est d\u00e9sormais port\u00e9e par un duo strat\u00e9gique compos\u00e9 de Francesco Palazzi et Leslie Moica. Fondateur de Palazzi Group \u00e0 la fin des ann\u00e9es 80, Francesco Palazzi s\u2019appuie sur une riche histoire familiale : d\u00e8s [&hellip;]<\/p>\n","protected":false},"author":1,"featured_media":0,"parent":0,"menu_order":0,"comment_status":"closed","ping_status":"closed","template":"page-templates\/home.php","meta":{"_acf_changed":false,"footnotes":""},"class_list":["post-5968","page","type-page","status-publish","hentry"],"acf":[],"_links":{"self":[{"href":"https:\/\/palazzi.net\/fr\/wp-json\/wp\/v2\/pages\/5968","targetHints":{"allow":["GET"]}}],"collection":[{"href":"https:\/\/palazzi.net\/fr\/wp-json\/wp\/v2\/pages"}],"about":[{"href":"https:\/\/palazzi.net\/fr\/wp-json\/wp\/v2\/types\/page"}],"author":[{"embeddable":true,"href":"https:\/\/palazzi.net\/fr\/wp-json\/wp\/v2\/users\/1"}],"replies":[{"embeddable":true,"href":"https:\/\/palazzi.net\/fr\/wp-json\/wp\/v2\/comments?post=5968"}],"version-history":[{"count":15,"href":"https:\/\/palazzi.net\/fr\/wp-json\/wp\/v2\/pages\/5968\/revisions"}],"predecessor-version":[{"id":9532,"href":"https:\/\/palazzi.net\/fr\/wp-json\/wp\/v2\/pages\/5968\/revisions\/9532"}],"wp:attachment":[{"href":"https:\/\/palazzi.net\/fr\/wp-json\/wp\/v2\/media?parent=5968"}],"curies":[{"name":"wp","href":"https:\/\/api.w.org\/{rel}","templated":true}]}}