{"id":6906,"date":"2023-03-22T09:36:27","date_gmt":"2023-03-22T09:36:27","guid":{"rendered":"http:\/\/ijlmnru.cluster027.hosting.ovh.net\/clients\/"},"modified":"2024-12-05T10:51:57","modified_gmt":"2024-12-05T10:51:57","slug":"clients","status":"publish","type":"page","link":"https:\/\/palazzi.net\/fr\/clients\/","title":{"rendered":"Clients"},"content":{"rendered":"\t\t<div data-elementor-type=\"wp-page\" data-elementor-id=\"6906\" data-post-id=\"6906\" data-obj-id=\"6906\" class=\"elementor elementor-6906 dce-elementor-post-6906 elementor-2256\" data-elementor-post-type=\"page\">\n\t\t\t\t\t\t<section class=\"elementor-section elementor-top-section elementor-element elementor-element-f2cb6a9 elementor-section-full_width elementor-section-height-default elementor-section-height-default\" data-id=\"f2cb6a9\" data-element_type=\"section\">\n\t\t\t\t\t\t<div class=\"elementor-container elementor-column-gap-no\">\n\t\t\t\t\t<div class=\"elementor-column elementor-col-100 elementor-top-column elementor-element elementor-element-c7fe3b1\" data-id=\"c7fe3b1\" data-element_type=\"column\">\n\t\t\t<div class=\"elementor-widget-wrap elementor-element-populated\">\n\t\t\t\t\t\t<div class=\"elementor-element elementor-element-868a276 elementor-align-left elementor-widget elementor-widget-pages-banner\" data-id=\"868a276\" data-element_type=\"widget\" data-widget_type=\"pages-banner.default\">\n\t\t\t\t<div class=\"elementor-widget-container\">\n\t\t\t\r\n\t\t\t\t<div class=\"banner-header section-padding valign bg-img bg-fixed\" data-overlay-dark=\"4\" data-background=\"http:\/\/palazzi.net\/wp-content\/uploads\/2023\/11\/palazzi_clienti_edit_overlay.png\">\r\n\t\t\t\t\t<div class=\"container\">\r\n\t\t\t\t<div class=\"row\">\r\n\t\t\t\t\t<div class=\"col-md-12 caption mt-90\">\r\n\t\t\t\t\t\t\t\t\t\t\t\t<h5>CLIENTS<\/h5>\r\n\t\t\t\t\t\t\t\t\t\t\t\t\t\t\t\t\t\t<h1>Nos clients<\/h1>\r\n\t\t\t\t\t\t\t\t\t\t\t<\/div>\r\n\t\t\t\t<\/div>\r\n\t\t\t<\/div>\r\n\t\t<\/div>\r\n\r\n\t\t\t<\/div>\n\t\t\t\t<\/div>\n\t\t\t\t\t<\/div>\n\t\t<\/div>\n\t\t\t\t\t<\/div>\n\t\t<\/section>\n\t\t\t\t<section class=\"elementor-section elementor-top-section elementor-element elementor-element-4118cee elementor-section-boxed elementor-section-height-default elementor-section-height-default\" data-id=\"4118cee\" data-element_type=\"section\">\n\t\t\t\t\t\t<div class=\"elementor-container elementor-column-gap-default\">\n\t\t\t\t\t<div class=\"elementor-column elementor-col-100 elementor-top-column elementor-element elementor-element-4fb9f72\" data-id=\"4fb9f72\" data-element_type=\"column\">\n\t\t\t<div class=\"elementor-widget-wrap elementor-element-populated\">\n\t\t\t\t\t\t<div class=\"elementor-element elementor-element-1bc912c elementor-widget elementor-widget-text-editor\" data-id=\"1bc912c\" data-element_type=\"widget\" data-widget_type=\"text-editor.default\">\n\t\t\t\t<div class=\"elementor-widget-container\">\n\t\t\t\t\t\t\t<p><strong>Chez Palazzi Agency by Chab\u00e9<\/strong>, nous sommes fiers de collaborer avec des acteurs prestigieux dans des secteurs vari\u00e9s. Gr\u00e2ce \u00e0 notre expertise et \u00e0 notre engagement, nous r\u00e9pondons aux besoins exigeants de nos clients pour leurs d\u00e9placements ponctuels, leurs \u00e9v\u00e9nements et projets strat\u00e9giques. Aujourd\u2019hui, ce sont des centaines d\u2019entreprises qui nous font confiance, t\u00e9moignant de notre capacit\u00e9 \u00e0 proposer un service irr\u00e9prochable et sur mesure.<\/p>\t\t\t\t\t\t<\/div>\n\t\t\t\t<\/div>\n\t\t\t\t\t<\/div>\n\t\t<\/div>\n\t\t\t\t\t<\/div>\n\t\t<\/section>\n\t\t\t\t<section class=\"elementor-section elementor-top-section elementor-element elementor-element-4f102cc elementor-section-boxed elementor-section-height-default elementor-section-height-default\" data-id=\"4f102cc\" data-element_type=\"section\">\n\t\t\t\t\t\t<div class=\"elementor-container elementor-column-gap-wider\">\n\t\t\t\t\t<div class=\"elementor-column elementor-col-33 elementor-top-column elementor-element elementor-element-8caa7fb\" data-id=\"8caa7fb\" data-element_type=\"column\">\n\t\t\t<div class=\"elementor-widget-wrap elementor-element-populated\">\n\t\t\t\t\t\t<div class=\"elementor-element elementor-element-b69f464 elementor-widget elementor-widget-heading\" data-id=\"b69f464\" data-element_type=\"widget\" data-widget_type=\"heading.default\">\n\t\t\t\t<div class=\"elementor-widget-container\">\n\t\t\t<h2 class=\"elementor-heading-title elementor-size-default\">Nos partenaires dans l\u2019h\u00f4tellerie de luxe\n<\/h2>\t\t<\/div>\n\t\t\t\t<\/div>\n\t\t\t\t<div class=\"elementor-element elementor-element-0178b9f elementor-widget elementor-widget-text-editor\" data-id=\"0178b9f\" data-element_type=\"widget\" data-widget_type=\"text-editor.default\">\n\t\t\t\t<div class=\"elementor-widget-container\">\n\t\t\t\t\t\t\t<p>Nous travaillons avec une trentaine d\u2019h\u00f4tels et de palaces, reconnus pour leur excellence et leur raffinement. Ces \u00e9tablissements embl\u00e9matiques, v\u00e9ritables r\u00e9f\u00e9rences du luxe, comptent sur nous pour offrir une exp\u00e9rience \u00e0 leur image \u00e0 leurs clients.<\/p>\t\t\t\t\t\t<\/div>\n\t\t\t\t<\/div>\n\t\t\t\t\t<\/div>\n\t\t<\/div>\n\t\t\t\t<div class=\"elementor-column elementor-col-33 elementor-top-column elementor-element elementor-element-0fe8367\" data-id=\"0fe8367\" data-element_type=\"column\">\n\t\t\t<div class=\"elementor-widget-wrap elementor-element-populated\">\n\t\t\t\t\t\t<div class=\"elementor-element elementor-element-9c9ad05 elementor-widget elementor-widget-heading\" data-id=\"9c9ad05\" data-element_type=\"widget\" data-widget_type=\"heading.default\">\n\t\t\t\t<div class=\"elementor-widget-container\">\n\t\t\t<h2 class=\"elementor-heading-title elementor-size-default\">Au service des Maisons de Luxe<\/h2>\t\t<\/div>\n\t\t\t\t<\/div>\n\t\t\t\t<div class=\"elementor-element elementor-element-bd12c27 elementor-widget elementor-widget-text-editor\" data-id=\"bd12c27\" data-element_type=\"widget\" data-widget_type=\"text-editor.default\">\n\t\t\t\t<div class=\"elementor-widget-container\">\n\t\t\t\t\t\t\t<p>De nombreuses Maisons de Luxe nous font \u00e9galement confiance depuis des ann\u00e9es. Nous sommes ainsi au c\u0153ur d\u2019\u00e9v\u00e9nements majeurs tels que des d\u00e9fil\u00e9s, des lancements de collections ou des soir\u00e9es exclusives. Notre savoir-faire et notre sens du d\u00e9tail s\u2019accordent parfaitement avec les exigences de ce secteur, o\u00f9 chaque moment compte.<\/p>\t\t\t\t\t\t<\/div>\n\t\t\t\t<\/div>\n\t\t\t\t\t<\/div>\n\t\t<\/div>\n\t\t\t\t<div class=\"elementor-column elementor-col-33 elementor-top-column elementor-element elementor-element-d8e73df\" data-id=\"d8e73df\" data-element_type=\"column\">\n\t\t\t<div class=\"elementor-widget-wrap elementor-element-populated\">\n\t\t\t\t\t\t<div class=\"elementor-element elementor-element-12d0016 elementor-widget elementor-widget-heading\" data-id=\"12d0016\" data-element_type=\"widget\" data-widget_type=\"heading.default\">\n\t\t\t\t<div class=\"elementor-widget-container\">\n\t\t\t<h2 class=\"elementor-heading-title elementor-size-default\">Une expertise pour l\u2019industrie du divertissement\n<\/h2>\t\t<\/div>\n\t\t\t\t<\/div>\n\t\t\t\t<div class=\"elementor-element elementor-element-5691aa8 elementor-widget elementor-widget-text-editor\" data-id=\"5691aa8\" data-element_type=\"widget\" data-widget_type=\"text-editor.default\">\n\t\t\t\t<div class=\"elementor-widget-container\">\n\t\t\t\t\t\t\t<p>C\u2019est au service des plus grands acteurs des secteurs du cin\u00e9ma et le divertissement que Palazzi Agency a fait ses d\u00e9buts. Aujourd\u2019hui encore, nous sommes fiers d\u2019accompagner les plus grands acteurs locaux et internationaux du secteur. Qu\u2019il s\u2019agisse de grandes avant-premi\u00e8res, de festivals internationaux ou de tournages, nous mettons tout en \u0153uvre pour accompagner nos clients avec professionnalisme, discr\u00e9tion et efficacit\u00e9.<\/p>\t\t\t\t\t\t<\/div>\n\t\t\t\t<\/div>\n\t\t\t\t\t<\/div>\n\t\t<\/div>\n\t\t\t\t\t<\/div>\n\t\t<\/section>\n\t\t\t\t<\/div>\n\t\t","protected":false},"excerpt":{"rendered":"<p>CLIENTS Nos clients Chez Palazzi Agency by Chab\u00e9, nous sommes fiers de collaborer avec des acteurs prestigieux dans des secteurs vari\u00e9s. Gr\u00e2ce \u00e0 notre expertise et \u00e0 notre engagement, nous r\u00e9pondons aux besoins exigeants de nos clients pour leurs d\u00e9placements ponctuels, leurs \u00e9v\u00e9nements et projets strat\u00e9giques. Aujourd\u2019hui, ce sont des centaines d\u2019entreprises qui nous font [&hellip;]<\/p>\n","protected":false},"author":1,"featured_media":0,"parent":0,"menu_order":0,"comment_status":"closed","ping_status":"closed","template":"page-templates\/home.php","meta":{"_acf_changed":false,"footnotes":""},"class_list":["post-6906","page","type-page","status-publish","hentry"],"acf":[],"_links":{"self":[{"href":"https:\/\/palazzi.net\/fr\/wp-json\/wp\/v2\/pages\/6906","targetHints":{"allow":["GET"]}}],"collection":[{"href":"https:\/\/palazzi.net\/fr\/wp-json\/wp\/v2\/pages"}],"about":[{"href":"https:\/\/palazzi.net\/fr\/wp-json\/wp\/v2\/types\/page"}],"author":[{"embeddable":true,"href":"https:\/\/palazzi.net\/fr\/wp-json\/wp\/v2\/users\/1"}],"replies":[{"embeddable":true,"href":"https:\/\/palazzi.net\/fr\/wp-json\/wp\/v2\/comments?post=6906"}],"version-history":[{"count":15,"href":"https:\/\/palazzi.net\/fr\/wp-json\/wp\/v2\/pages\/6906\/revisions"}],"predecessor-version":[{"id":9278,"href":"https:\/\/palazzi.net\/fr\/wp-json\/wp\/v2\/pages\/6906\/revisions\/9278"}],"wp:attachment":[{"href":"https:\/\/palazzi.net\/fr\/wp-json\/wp\/v2\/media?parent=6906"}],"curies":[{"name":"wp","href":"https:\/\/api.w.org\/{rel}","templated":true}]}}